{"id":196,"date":"2020-08-22T17:35:34","date_gmt":"2020-08-22T15:35:34","guid":{"rendered":"https:\/\/aikido-slam.org\/?page_id=196"},"modified":"2025-06-15T11:25:46","modified_gmt":"2025-06-15T09:25:46","slug":"aikido-slam","status":"publish","type":"page","link":"https:\/\/aikido-slam.org\/","title":{"rendered":"Aikido SLAM"},"content":{"rendered":"\n<p><strong>Notre page Facebook<\/strong> : <a href=\"https:\/\/www.facebook.com\/aikido.slam\">https:\/\/www.facebook.com\/aikido.slam<\/a><\/p>\n\n\n\n<p><strong>Cours au Bignon<\/strong>, tout est dans le Flyer :<\/p>\n\n\n\n<figure class=\"wp-block-image size-large\"><img loading=\"lazy\" width=\"559\" height=\"794\" src=\"https:\/\/aikido-slam.org\/wp-content\/uploads\/2023\/08\/flyers_aikido-fin_2023.png\" alt=\"\" class=\"wp-image-428\" srcset=\"https:\/\/aikido-slam.org\/wp-content\/uploads\/2023\/08\/flyers_aikido-fin_2023.png 559w, https:\/\/aikido-slam.org\/wp-content\/uploads\/2023\/08\/flyers_aikido-fin_2023-211x300.png 211w\" sizes=\"(max-width: 559px) 100vw, 559px\" \/><\/figure>\n\n\n\n<p>Vous pouvez \u00e9galement acc\u00e9der \u00e0 quelques photos prises au sein du dojo: <\/p>\n\n\n\n<figure class=\"wp-block-embed-wordpress wp-block-embed is-type-wp-embed is-provider-wordpress\"><div class=\"wp-block-embed__wrapper\">\n<blockquote class=\"wp-embedded-content\" data-secret=\"0X4JwhBqed\"><a href=\"https:\/\/aikido-slam.org\/?page_id=80\">MEDIAS<\/a><\/blockquote><iframe class=\"wp-embedded-content\" sandbox=\"allow-scripts\" security=\"restricted\" style=\"position: absolute; clip: rect(1px, 1px, 1px, 1px);\" title=\"\u00ab\u00a0MEDIAS\u00a0\u00bb &#8212; \" src=\"https:\/\/aikido-slam.org\/?page_id=80&#038;embed=true#?secret=0X4JwhBqed\" data-secret=\"0X4JwhBqed\" width=\"600\" height=\"338\" frameborder=\"0\" marginwidth=\"0\" marginheight=\"0\" scrolling=\"no\"><\/iframe>\n<\/div><\/figure>\n\n\n\n<p><\/p>\n","protected":false},"excerpt":{"rendered":"<p>Notre page Facebook : https:\/\/www.facebook.com\/aikido.slam Cours au Bignon, tout est dans le Flyer : Vous pouvez \u00e9galement acc\u00e9der \u00e0 quelques&hellip;<\/p>\n","protected":false},"author":1,"featured_media":0,"parent":0,"menu_order":0,"comment_status":"closed","ping_status":"closed","template":"","meta":[],"_links":{"self":[{"href":"https:\/\/aikido-slam.org\/index.php?rest_route=\/wp\/v2\/pages\/196"}],"collection":[{"href":"https:\/\/aikido-slam.org\/index.php?rest_route=\/wp\/v2\/pages"}],"about":[{"href":"https:\/\/aikido-slam.org\/index.php?rest_route=\/wp\/v2\/types\/page"}],"author":[{"embeddable":true,"href":"https:\/\/aikido-slam.org\/index.php?rest_route=\/wp\/v2\/users\/1"}],"replies":[{"embeddable":true,"href":"https:\/\/aikido-slam.org\/index.php?rest_route=%2Fwp%2Fv2%2Fcomments&post=196"}],"version-history":[{"count":19,"href":"https:\/\/aikido-slam.org\/index.php?rest_route=\/wp\/v2\/pages\/196\/revisions"}],"predecessor-version":[{"id":559,"href":"https:\/\/aikido-slam.org\/index.php?rest_route=\/wp\/v2\/pages\/196\/revisions\/559"}],"wp:attachment":[{"href":"https:\/\/aikido-slam.org\/index.php?rest_route=%2Fwp%2Fv2%2Fmedia&parent=196"}],"curies":[{"name":"wp","href":"https:\/\/api.w.org\/{rel}","templated":true}]}}