{"id":40,"date":"2019-10-06T13:11:31","date_gmt":"2019-10-06T11:11:31","guid":{"rendered":"http:\/\/aikido-slam.org\/?page_id=40"},"modified":"2020-07-02T13:42:14","modified_gmt":"2020-07-02T11:42:14","slug":"40-2","status":"publish","type":"page","link":"https:\/\/aikido-slam.org\/?page_id=40","title":{"rendered":"L\u2019AIKIDO"},"content":{"rendered":"\n<div class=\"wp-block-image\"><figure class=\"alignright\"><a href=\"http:\/\/www.aikido-stcolomban-paysdelaloire.org\/wp-content\/uploads\/2015\/11\/Morihei.gif\"><img src=\"http:\/\/www.aikido-stcolomban-paysdelaloire.org\/wp-content\/uploads\/2015\/11\/Morihei.gif\" alt=\"Morihei\" class=\"wp-image-155\"\/><\/a><\/figure><\/div>\n\n\n\n<p>L\u2019A\u00efkido a \u00e9t\u00e9 fond\u00e9 au cours du 20\u00e8me si\u00e8cle par ma\u00eetre Morihei Ueshiba (en photo \u00e0 droite).<br> Inspir\u00e9 de plusieurs arts martiaux traditionnels japonais, l\u2019a\u00efkido  combine discipline et enseignement spirituel.<br> L\u2019efficacit\u00e9 de l&#8217;a\u00efkido est bas\u00e9e en partie sur le principe de redirection de l&#8217;action d&#8217;un l\u2019attaquant envers lui-m\u00eame.<br> Le but de l\u2019a\u00efkido n\u2019est pas de d\u00e9truire, mais au contraire, de pr\u00e9server son adversaire et de le convaincre de l\u2019inutilit\u00e9 de son  attaque. <br> Dans l\u2019a\u00efkido, la force physique n\u2019est que secondaire. La discipline contribue certes \u00e0 la ma\u00eetrise de son propre corps, mais consiste \u00e9galement en une recherche de paix int\u00e9rieure et d&#8217;harmonie avec les autres.<br> Selon O Sensei, &#8220;l\u2019A\u00efkido c\u2019est la voie d\u2019accorder son esprit avec celui des autres et par extension \u00e0 l\u2019univers&#8221;: <\/p>\n\n\n\n<p>AI : union, unification, harmonie.<\/p>\n\n\n\n<p>KI : \u00e9nergie vitale. <\/p>\n\n\n\n<p>DO : voie, perspective, recherche.<\/p>\n\n\n\n<p>\u201cRecherche pour l\u2019unification des \u00e9nergies vitales\u201c. <\/p>\n\n\n\n<p>Les valeurs fondamentalement humanistes de cet art martial conduisent parfois \u00e0 la traduction moins litt\u00e9rale d&#8217; &#8220;Art de la Paix&#8221;.<\/p>\n\n\n\n<p><\/p>\n\n\n\n<p><\/p>\n","protected":false},"excerpt":{"rendered":"<p>L\u2019A\u00efkido a \u00e9t\u00e9 fond\u00e9 au cours du 20\u00e8me si\u00e8cle par ma\u00eetre Morihei Ueshiba (en photo \u00e0 droite). Inspir\u00e9 de plusieurs&hellip;<\/p>\n","protected":false},"author":1,"featured_media":0,"parent":0,"menu_order":0,"comment_status":"closed","ping_status":"closed","template":"","meta":[],"_links":{"self":[{"href":"https:\/\/aikido-slam.org\/index.php?rest_route=\/wp\/v2\/pages\/40"}],"collection":[{"href":"https:\/\/aikido-slam.org\/index.php?rest_route=\/wp\/v2\/pages"}],"about":[{"href":"https:\/\/aikido-slam.org\/index.php?rest_route=\/wp\/v2\/types\/page"}],"author":[{"embeddable":true,"href":"https:\/\/aikido-slam.org\/index.php?rest_route=\/wp\/v2\/users\/1"}],"replies":[{"embeddable":true,"href":"https:\/\/aikido-slam.org\/index.php?rest_route=%2Fwp%2Fv2%2Fcomments&post=40"}],"version-history":[{"count":7,"href":"https:\/\/aikido-slam.org\/index.php?rest_route=\/wp\/v2\/pages\/40\/revisions"}],"predecessor-version":[{"id":158,"href":"https:\/\/aikido-slam.org\/index.php?rest_route=\/wp\/v2\/pages\/40\/revisions\/158"}],"wp:attachment":[{"href":"https:\/\/aikido-slam.org\/index.php?rest_route=%2Fwp%2Fv2%2Fmedia&parent=40"}],"curies":[{"name":"wp","href":"https:\/\/api.w.org\/{rel}","templated":true}]}}