{"id":58,"date":"2019-10-06T13:51:22","date_gmt":"2019-10-06T11:51:22","guid":{"rendered":"http:\/\/aikido-slam.org\/?page_id=58"},"modified":"2022-07-14T15:16:01","modified_gmt":"2022-07-14T13:16:01","slug":"la-pratique","status":"publish","type":"page","link":"https:\/\/aikido-slam.org\/?page_id=58","title":{"rendered":"LA PRATIQUE"},"content":{"rendered":"\n<p><strong>AIKIDO POUR TOU.TE.S : <\/strong><\/p>\n\n\n\n<p>Cet art martial est accessible \u00e0 tous : quel que soit l\u2019\u00e2ge, la taille, le poids ou la force. Chacun peut pratiquer selon sa capacit\u00e9 et progresser \u00e0 son rythme.<\/p>\n\n\n\n<div class=\"wp-block-image\"><figure class=\"alignleft size-large is-resized\"><img loading=\"lazy\" src=\"https:\/\/aikido-slam.org\/wp-content\/uploads\/2022\/07\/ms_paint__aikido_girl_by_thuong1308-d5mlopj-683x1024.png\" alt=\"\" class=\"wp-image-374\" width=\"263\" height=\"394\" srcset=\"https:\/\/aikido-slam.org\/wp-content\/uploads\/2022\/07\/ms_paint__aikido_girl_by_thuong1308-d5mlopj-683x1024.png 683w, https:\/\/aikido-slam.org\/wp-content\/uploads\/2022\/07\/ms_paint__aikido_girl_by_thuong1308-d5mlopj-200x300.png 200w, https:\/\/aikido-slam.org\/wp-content\/uploads\/2022\/07\/ms_paint__aikido_girl_by_thuong1308-d5mlopj-768x1152.png 768w, https:\/\/aikido-slam.org\/wp-content\/uploads\/2022\/07\/ms_paint__aikido_girl_by_thuong1308-d5mlopj.png 1024w\" sizes=\"(max-width: 263px) 100vw, 263px\" \/><\/figure><\/div>\n\n\n\n<p>L\u2019A\u00efkido privil\u00e9gie des placements et des d\u00e9s\u00e9quilibres menant \u00e0 des techniques bas\u00e9es sur la connaissance du corps. Les qualit\u00e9s d\u00e9velopp\u00e9es par cette approche sont multiples, et d\u00e9passent la recherche d\u2019une force purement musculaire&nbsp;: coordination, souplesse, circulation de l\u2019\u00e9nergie, adaptation, concentration, ma\u00eetrise de frappes, de cl\u00e9s articulaires et des chutes&#8230;<\/p>\n\n\n\n<p>Aucune comp\u00e9tition ne vient sanctionner la progression.<\/p>\n\n\n\n<p>Les passages de grades s\u2019effectuent en clubs puis \u00e0 partir du 1er dan au niveau r\u00e9gional.<\/p>\n\n\n\n<p>D\u00e9tente, concentration, partage et \u00e9change entre pratiquants constituent les fondamentaux de cette discipline martiale qui se d\u00e9couvre et red\u00e9couvre jour apr\u00e8s jour.<\/p>\n\n\n\n<p>La vari\u00e9t\u00e9 et la richesse des techniques se trouve favoris\u00e9e par des approches diff\u00e9rentes et compl\u00e9mentaires, selon que la pratique se fasse \u00e0 mains nues, ou avec armes (jo -b\u00e2ton-, ken -sabre-, tanto -couteau-).<\/p>\n\n\n\n<p> <strong>AIKIDO ET SENIORS&nbsp;: <\/strong>l\u2019A\u00efkido est \u00e9galement accessible sauf contre- indication m\u00e9dicale aux personnes d\u00e9sireuses d\u2019entretenir leur souplesse, de travailler \u00e0 un meilleur \u00e9quilibre, et d\u2019acc\u00e9der \u00e0 un apprentissage progressif des chutes. <\/p>\n\n\n\n<p><strong>AIKIDO ET ENFANTS&nbsp;:<\/strong> Bien que la pratique soit tout \u00e0 fait adapt\u00e9e aux enfants, notre club ne poss\u00e8de pas de cr\u00e9neau ouvert aux plus jeunes. Nos cours sont cependant d\u2019ores et d\u00e9j\u00e0 accessibles aux adolescents \u00e0 partir de 13 ans. N&#8217;h\u00e9sitez pas \u00e0 prendre contact avec nous; Si les demandes sont nombreuses, l&#8217;ouverture d&#8217;un cr\u00e9neau sp\u00e9cifiquement d\u00e9di\u00e9 est envisageable.<\/p>\n\n\n\n<p><strong>AIKIDO ET HANDICAP : <\/strong>Chacun d\u2019entre nous est d\u00e9butant \u00e0 son propre niveau, de m\u00eame que chacun doit d\u00e9passer ses propres obstacles. N\u2019h\u00e9sitez pas \u00e0 venir \u00e9changer avec nous, vous serez les bienvenus.<\/p>\n","protected":false},"excerpt":{"rendered":"<p>AIKIDO POUR TOU.TE.S : Cet art martial est accessible \u00e0 tous : quel que soit l\u2019\u00e2ge, la taille, le poids&hellip;<\/p>\n","protected":false},"author":1,"featured_media":0,"parent":0,"menu_order":0,"comment_status":"closed","ping_status":"closed","template":"","meta":[],"_links":{"self":[{"href":"https:\/\/aikido-slam.org\/index.php?rest_route=\/wp\/v2\/pages\/58"}],"collection":[{"href":"https:\/\/aikido-slam.org\/index.php?rest_route=\/wp\/v2\/pages"}],"about":[{"href":"https:\/\/aikido-slam.org\/index.php?rest_route=\/wp\/v2\/types\/page"}],"author":[{"embeddable":true,"href":"https:\/\/aikido-slam.org\/index.php?rest_route=\/wp\/v2\/users\/1"}],"replies":[{"embeddable":true,"href":"https:\/\/aikido-slam.org\/index.php?rest_route=%2Fwp%2Fv2%2Fcomments&post=58"}],"version-history":[{"count":11,"href":"https:\/\/aikido-slam.org\/index.php?rest_route=\/wp\/v2\/pages\/58\/revisions"}],"predecessor-version":[{"id":379,"href":"https:\/\/aikido-slam.org\/index.php?rest_route=\/wp\/v2\/pages\/58\/revisions\/379"}],"wp:attachment":[{"href":"https:\/\/aikido-slam.org\/index.php?rest_route=%2Fwp%2Fv2%2Fmedia&parent=58"}],"curies":[{"name":"wp","href":"https:\/\/api.w.org\/{rel}","templated":true}]}}