{"id":62,"date":"2019-10-06T13:54:48","date_gmt":"2019-10-06T11:54:48","guid":{"rendered":"http:\/\/aikido-slam.org\/?page_id=62"},"modified":"2020-07-02T14:01:58","modified_gmt":"2020-07-02T12:01:58","slug":"62-2","status":"publish","type":"page","link":"https:\/\/aikido-slam.org\/?page_id=62","title":{"rendered":"LEXIQUE"},"content":{"rendered":"\n<p><em>Source: &#8220;Guide du d\u00e9butant&#8221;, FFAAA<\/em><\/p>\n\n\n\n<div class=\"wp-block-image\"><figure class=\"aligncenter\"><img loading=\"lazy\" width=\"330\" height=\"161\" src=\"http:\/\/aikido-slam.org\/wp-content\/uploads\/2020\/07\/Capture-compte.png\" alt=\"\" class=\"wp-image-161\" srcset=\"https:\/\/aikido-slam.org\/wp-content\/uploads\/2020\/07\/Capture-compte.png 330w, https:\/\/aikido-slam.org\/wp-content\/uploads\/2020\/07\/Capture-compte-300x146.png 300w\" sizes=\"(max-width: 330px) 100vw, 330px\" \/><\/figure><\/div>\n\n\n\n<p>AI : Harmonie, union., unification,\nrencontre.<\/p>\n\n\n\n<p>ARIGATOO : Merci.<\/p>\n\n\n\n<p>ASHI : Pied, jambe.<\/p>\n\n\n\n<p>ASHI BARA\u00cf : Balayage (des jambes).<\/p>\n\n\n\n<p>ATEMI : Coup port\u00e9 th\u00e9oriquement \u00e0\ndes endroits vitaux du corps humain.<\/p>\n\n\n\n<p>AYUMI ASHI : D\u00e9placement en pas de\nmarche normale : une jambe apr\u00e8s l\u2019autre.<\/p>\n\n\n\n<p>BATTO JUTSU : Art de d\u00e9gainer le\nsabre (forme ancienne de IAIDO).<\/p>\n\n\n\n<p>BO : B\u00e2ton long (1,80 m).<\/p>\n\n\n\n<p>BOJUTSU : Art ou bien technique du\nb\u00e2ton.<\/p>\n\n\n\n<p>BOKKEN : Sabre de bois.<\/p>\n\n\n\n<p>BOKUTO : Sabre de bois.<\/p>\n\n\n\n<p>BUDO : Voie de la guerre, art\nmartial.<\/p>\n\n\n\n<p>BUSHI : Guerrier, samoura\u00ef.<\/p>\n\n\n\n<p>BUSHIDO : Code d\u2019Honneur des BUSHI.<\/p>\n\n\n\n<p>CHIKA MA : Distance courte.<\/p>\n\n\n\n<p>CHUDAN : Niveau moyen, <\/p>\n\n\n\n<p>CHUDAN TSUKI : coup de poing hauteur\nabdomen-plexus.<\/p>\n\n\n\n<p>DAN : Degr\u00e9, grade.<\/p>\n\n\n\n<p>DEAI : Prise de contact, premier\ntemps de la technique (litt. : s\u2019harmoniser en allant vers&#8230;).<\/p>\n\n\n\n<p>DO : Voie.<\/p>\n\n\n\n<p>DOJO : Lieu o\u00f9 l\u2019on \u00e9tudie la voie,\nsalle de pratique des arts martiaux.<\/p>\n\n\n\n<p>DOZO : Je vous en prie, s\u2019il vous\npla\u00eet.<\/p>\n\n\n\n<p>DOSHU : Litt\u00e9ralement, le Ma\u00eetre de\nla voie, repr\u00e9sentant supr\u00eame (technique et spirituelle) de l\u2019art.<\/p>\n\n\n\n<p>ERI : Col.<\/p>\n\n\n\n<p>GEDAN : Niveau bas.<\/p>\n\n\n\n<p>GERI \/ KERI : Coup de pied.<\/p>\n\n\n\n<p>GI : Tenue d\u2019entra\u00eenement appel\u00e9 \u00e0\ntort <\/p>\n\n\n\n<p>KIMONO &#8211; JUDOGI : tenue de Judo, <\/p>\n\n\n\n<p>KARATE GI : tenue de KARATE.<\/p>\n\n\n\n<p>GI : La technique, l\u2019habilet\u00e9 (cf.\n\u00abSHIN, GI, TAI\u00bb).<\/p>\n\n\n\n<p>GO NO GEIKO : Entra\u00eenement fort.<\/p>\n\n\n\n<p>HAKAMA : Jupe culotte traditionnelle\nport\u00e9e dans tous les BUDO classiques.<\/p>\n\n\n\n<p>HANMI : Position asym\u00e9trique de base\nd\u2019A\u00efkido : un c\u00f4t\u00e9 en avant.<\/p>\n\n\n\n<p>HARA : Le ventre, consid\u00e9r\u00e9 comme\ncentre vital.<\/p>\n\n\n\n<p>HENKA : Changement (de posture sans\nbouger les pieds).<\/p>\n\n\n\n<p>HENKA WAZA : Variations,\nencha\u00eenements.<\/p>\n\n\n\n<p>HIDARI : Gauche.<\/p>\n\n\n\n<p>HIJI : Coude.<\/p>\n\n\n\n<p>HIZA : Genoux.<\/p>\n\n\n\n<p>IAIDO : Voie du sabre (d\u00e9gainer et\ncouper).<\/p>\n\n\n\n<p>IAITO : Sabre factice d\u2019entra\u00eenement\nau IAI.<\/p>\n\n\n\n<p>IRIMI : Point fort de l\u2019AIKIDO,\nc\u2019est l\u2019action d\u2019entrer droit sur l\u2019adversaire tout en esquivant, action tr\u00e8s\npositive. Presque tous les mouvements d\u2019AIKIDO utilisent le IRIMI et au\nparoxysme du IRIMI : TENKAN.<\/p>\n\n\n\n<p>JO : B\u00e2ton utilis\u00e9 en A\u00efkido (1,28\nm).<\/p>\n\n\n\n<p>JODAN : Niveau haut.<\/p>\n\n\n\n<p>JOSEKI : Mur d\u2019honneur d\u2019un dojo.<\/p>\n\n\n\n<p>JU : Souplesse.<\/p>\n\n\n\n<p>JUKEN JUTSU : Art de la ba\u00efonnette.<\/p>\n\n\n\n<p>JU JUTSU \/ JIU JUTSU : Art de la\nsouplesse, anciennes m\u00e9thodes de combat d\u2019o\u00f9 sont tir\u00e9s certains arts martiaux\nmodernes.<\/p>\n\n\n\n<p>JU NO GEIKO : Entra\u00eenement souple.<\/p>\n\n\n\n<p>JU WAZA : Travail libre.<\/p>\n\n\n\n<p>KAMAE : Garde, posture.<\/p>\n\n\n\n<p>KAMIZA : Place d\u2019honneur du Dojo\nvers laquelle les saluts s\u2019effectuent et o\u00f9 se trouvent g\u00e9n\u00e9ralement le\nportrait de O SENSEI et\/ou un temple Shinto, et\/ou une calligraphie.<\/p>\n\n\n\n<p>KAITEN : Rotation, mouvement\ngiratoire.<\/p>\n\n\n\n<p>KARATE : Art martial bien connu, de\nKARA : vide et TE : mains.<\/p>\n\n\n\n<p>KATA : Formes impos\u00e9es, ensemble de\nmouvements stylis\u00e9s.<\/p>\n\n\n\n<p>KATA : Epaules.<\/p>\n\n\n\n<p>KATAME WAZA : Techniques de contr\u00f4le\nqui sollicitent en g\u00e9n\u00e9ral les articulations.<\/p>\n\n\n\n<p>KATANA : Sabre japonais.<\/p>\n\n\n\n<p>KAI : Association, groupement,\n\u00e9cole.<\/p>\n\n\n\n<p>KAKARI GEIKO : Forme de travail en\ncontinue o\u00f9 le partenaire attaque sans arr\u00eat (avec un ou plusieurs\nadversaires).<\/p>\n\n\n\n<p>KEIKO : Pratique, r\u00e9p\u00e9tition,\nentra\u00eenement.<\/p>\n\n\n\n<p>KEIKO HO : Formes de pratique.<\/p>\n\n\n\n<p>KEMPO : Sorte de KARATE chinois\n(SHORINJI KEMPO). <\/p>\n\n\n\n<p>KEN : Sabre. <\/p>\n\n\n\n<p>KENDO : Escrime japonaise qui se\npratique avec des sabres de bambou ou SHINAI.KEN : Sabre.KENDO : Escrime\nJaponais qui se pratique avec des sabres de bambou ou SHINAI.<\/p>\n\n\n\n<p>KENSEN : Ligne imaginaire reliant\nles deux partenaires et o\u00f9 se situe l\u2019action (litt. : ligne des sabres).<\/p>\n\n\n\n<p>KESA GIRI : Action de couper en\nbiais et de haut en bas.<\/p>\n\n\n\n<p>KI : Fluide vital, \u00e9nergie cosmique.<\/p>\n\n\n\n<p>KIAl : Cri, souffle ou bien\nimpulsion.<\/p>\n\n\n\n<p>KI MUSUBI : Liaison entre les deux\npartenaires (litt. : n\u0153ud du Ki).<\/p>\n\n\n\n<p>KIRI : Coupe (de KIRU : couper).<\/p>\n\n\n\n<p>KOBUDO : Arts martiaux anciens.<\/p>\n\n\n\n<p>KOKORO : Mentalit\u00e9, c\u0153ur et esprit.<\/p>\n\n\n\n<p>KOSHI : Hanches.<\/p>\n\n\n\n<p>KOTE : Poignet.<\/p>\n\n\n\n<p>KUMI : Groupe <\/p>\n\n\n\n<p>KUMI TACHI : Travail du sabre \u00e0\ndeux.<\/p>\n\n\n\n<p>KUMI JO : Travail du b\u00e2ton \u00e0 deux.<\/p>\n\n\n\n<p>KOKYU : Respiration, \u00e9change,\nalternance de temps pleins et vides, rythme, coordination.<\/p>\n\n\n\n<p>KOKYU HO : Exercice de KOKYU.<\/p>\n\n\n\n<p>KOKYU RYOKU : Force d\u00e9velopp\u00e9e gr\u00e2ce\n\u00e0 une bonne utilisation de KOKYU. <\/p>\n\n\n\n<p>KUBI : Cou.<\/p>\n\n\n\n<p>KYU : Grade que l\u2019on d\u00e9cerne avant\nles DAN.<\/p>\n\n\n\n<p>KYUDO : Voie du tir \u00e0 l\u2019arc.<\/p>\n\n\n\n<p>MA : Intervalle, distance, relation\n(entre les deux partenaires).<\/p>\n\n\n\n<p>MA-AI : Gestion de la distance, de\nla relation.<\/p>\n\n\n\n<p>MAE : Devant.<\/p>\n\n\n\n<p>MAE GERI : Coup de pied direct de\nface.<\/p>\n\n\n\n<p>MAWASHI GERI\n: Coup de pied circulaire.<\/p>\n\n\n\n<p>MICHI :\nVoie, DO.<\/p>\n\n\n\n<p>MIGI :\nDroite.<\/p>\n\n\n\n<p>MUNE :\nPoitrine. <\/p>\n\n\n\n<p>MUNE DORI :\nsaisie du revers.<\/p>\n\n\n\n<p>NAGE : Celui\nqui fait la technique (appel\u00e9 aussi TORI ou SHITE).<\/p>\n\n\n\n<p>NAGE WAZA :\nTechniques de projection.<\/p>\n\n\n\n<p>NAGINATA :\nSorte de hallebarde recourb\u00e9e, fauchard. <\/p>\n\n\n\n<p>NANAME : En\nbiais.<\/p>\n\n\n\n<p>OMOTE :\nPositif, devant, endroit.<\/p>\n\n\n\n<p>ONEGAI\nSHIMASU : Phrase que l\u2019on prononce lorsque l\u2019on salue quelqu\u2019un et qui signifie\nlitt\u00e9ralement : je vous fais une requ\u00eate, soit : s\u2019il vous pla\u00eet.<\/p>\n\n\n\n<p>OSAE WAZA :\nTechniques de contr\u00f4le, ex : IKKYO.<\/p>\n\n\n\n<p>O SENSEI : Grand\nMa\u00eetre, d\u00e9signe le fondateur, Morihei Ueshiba.<\/p>\n\n\n\n<p>RANDORI :\nTravail libre et continu.<\/p>\n\n\n\n<p>REI : Salut.<\/p>\n\n\n\n<p>REISHIKI :\nEtiquette, r\u00e8gles de comportement dans le DOJO.<\/p>\n\n\n\n<p>RITSU REI :\nSalut debout.<\/p>\n\n\n\n<p>RYU : Ecole\n(dans les arts martiaux).<\/p>\n\n\n\n<p>SAMURAI :\nGuerrier ; membre de la classe militaire \u00e0 l\u2019\u00e9poque f\u00e9odale.<\/p>\n\n\n\n<p>SANKAKUTAI :\nPosition de garde, les pieds \u00e0 angle droit de fa\u00e7on \u00e0 ce que les lignes\ntalon-orteils forment un triangle.<\/p>\n\n\n\n<p>SEISHIN :\nEsprit.<\/p>\n\n\n\n<p>BUDO SEISHIN\n: esprit BUDO.<\/p>\n\n\n\n<p>SEIZA :\nPosition \u00e0 genoux, assis sur les talons.<\/p>\n\n\n\n<p>SENSEI :\nProfesseur, enseignant ou toute personne que l\u2019on respecte beaucoup.<\/p>\n\n\n\n<p>SHIAI :\nComp\u00e9tition.<\/p>\n\n\n\n<p>SHIHAN :\nProfesseur de tr\u00e8s haut grade. Grand Ma\u00eetre.<\/p>\n\n\n\n<p>SHIHOO GIRI\n: Action de couper dans les quatre directions (SHIHOO = 4).<\/p>\n\n\n\n<p>SHIN :\nEsprit, c\u0153ur.<\/p>\n\n\n\n<p>SHINAI :\nSabre compos\u00e9 de 4 lamelles de bambou utilis\u00e9 en KENDO.<\/p>\n\n\n\n<p>SHIN GI TAI\n: Union du mental, de la technique et du physique : id\u00e9al recherch\u00e9.SHINTO :\nReligion fondamentale du peuple japonais.<\/p>\n\n\n\n<p>SHISEI :\nAttitude, posture correcte.<\/p>\n\n\n\n<p>SHITE :\nCelui qui fait la technique (appel\u00e9 aussi TORI ou NAGE).<\/p>\n\n\n\n<p>SHIZENTAI :\nPosition naturelle de base.<\/p>\n\n\n\n<p>SHODAN :\nPremier DAN (DAN du d\u00e9butant).<\/p>\n\n\n\n<p>SHOMEN : De\nface.<\/p>\n\n\n\n<p>SODE :\nManche.<\/p>\n\n\n\n<p>SOKUMEN : De\nbiais.<\/p>\n\n\n\n<p>SOTO :\nExt\u00e9rieur.<\/p>\n\n\n\n<p>SUMO : Lutte\njaponaise.<\/p>\n\n\n\n<p>SUBURI :\nExercice individuel de coupes r\u00e9p\u00e9titives au Ken.<\/p>\n\n\n\n<p>TAI : Le\ncorps.<\/p>\n\n\n\n<p>TAI JUTSU :\nTechniques de combat \u00e0 mains nues.<\/p>\n\n\n\n<p>TAI SABAKI :\nD\u00e9placement du corps (souvent combinaison de \u201cIrimi-tenkan\u201d).<\/p>\n\n\n\n<p>TAISO :\nGymnastique, \u00e9ducatif, \u00e9chauffement.<\/p>\n\n\n\n<p>TAMBO :\nB\u00e2ton court.<\/p>\n\n\n\n<p>TANTO DORI :\nTechniques contre couteau.<\/p>\n\n\n\n<p>TATAMI :\nNatte \u00e9paisse de paille que l\u2019on trouve dans les maisons japonaises et dans les\nDOJO ; par extension le tapis du DOJO.<\/p>\n\n\n\n<p>TE : Main.<\/p>\n\n\n\n<p>TEGATANA :\nTranchant de la main.<\/p>\n\n\n\n<p>TEKUBI :\nPoignet.<\/p>\n\n\n\n<p>TENKAN :\nD\u00e9placement en pivot autour du pied avant.<\/p>\n\n\n\n<p>TE NO UCHI :\nInt\u00e9rieur de la main.<\/p>\n\n\n\n<p>TORI : Celui\nqui fait la technique (appel\u00e9 aussi NAGE ou SHITE).<\/p>\n\n\n\n<p>TOO MA :\nGrande distance.<\/p>\n\n\n\n<p>TSUGI ASHI :\nD\u00e9placement en glissant les pieds sans passer une jambe devant l\u2019autre.<\/p>\n\n\n\n<p>TSUKI : Coup\ndirect et de face (poing, sabre ou b\u00e2ton).<\/p>\n\n\n\n<p>UCHI :\nInt\u00e9rieur.<\/p>\n\n\n\n<p>UDE : Bras.<\/p>\n\n\n\n<p>UKE : Celui\nqui attaque et qui chute.<\/p>\n\n\n\n<p>UKEMI :\nChute.<\/p>\n\n\n\n<p>URA :\nN\u00e9gatif, ext\u00e9rieur, revers, partie cach\u00e9e.<\/p>\n\n\n\n<p>USHIRO :\nArri\u00e8re.<\/p>\n\n\n\n<p>WAKA SENSEI\n: Fils du Ma\u00eetre, litt\u00e9ralement : jeune Ma\u00eetre (ne s\u2019emploie que lorsque le\nMa\u00eetre est encore vivant).<\/p>\n\n\n\n<p>YARI :\nLance.<\/p>\n\n\n\n<p>YOKO : C\u00f4t\u00e9.<\/p>\n\n\n\n<p>YOKOMEN :\nC\u00f4t\u00e9 de la t\u00eate.<\/p>\n\n\n\n<p>YUDANSHA :\nPratiquant titulaire d\u2019un grade DAN.<\/p>\n\n\n\n<p>YUMI : Arc\njaponais.<\/p>\n\n\n\n<p>ZANSHIN :\nAttitude de contr\u00f4le et de vigilance qui suit l\u2019ex\u00e9cution d\u2019une technique.<\/p>\n\n\n\n<p>ZAREI :\nSalut \u00e0 genoux.<\/p>\n","protected":false},"excerpt":{"rendered":"<p>Source: &#8220;Guide du d\u00e9butant&#8221;, FFAAA AI : Harmonie, union., unification, rencontre. ARIGATOO : Merci. ASHI : Pied, jambe. ASHI BARA\u00cf&hellip;<\/p>\n","protected":false},"author":1,"featured_media":0,"parent":0,"menu_order":0,"comment_status":"closed","ping_status":"closed","template":"","meta":[],"_links":{"self":[{"href":"https:\/\/aikido-slam.org\/index.php?rest_route=\/wp\/v2\/pages\/62"}],"collection":[{"href":"https:\/\/aikido-slam.org\/index.php?rest_route=\/wp\/v2\/pages"}],"about":[{"href":"https:\/\/aikido-slam.org\/index.php?rest_route=\/wp\/v2\/types\/page"}],"author":[{"embeddable":true,"href":"https:\/\/aikido-slam.org\/index.php?rest_route=\/wp\/v2\/users\/1"}],"replies":[{"embeddable":true,"href":"https:\/\/aikido-slam.org\/index.php?rest_route=%2Fwp%2Fv2%2Fcomments&post=62"}],"version-history":[{"count":5,"href":"https:\/\/aikido-slam.org\/index.php?rest_route=\/wp\/v2\/pages\/62\/revisions"}],"predecessor-version":[{"id":162,"href":"https:\/\/aikido-slam.org\/index.php?rest_route=\/wp\/v2\/pages\/62\/revisions\/162"}],"wp:attachment":[{"href":"https:\/\/aikido-slam.org\/index.php?rest_route=%2Fwp%2Fv2%2Fmedia&parent=62"}],"curies":[{"name":"wp","href":"https:\/\/api.w.org\/{rel}","templated":true}]}}