{"id":65,"date":"2019-10-06T13:56:10","date_gmt":"2019-10-06T11:56:10","guid":{"rendered":"http:\/\/aikido-slam.org\/?page_id=65"},"modified":"2022-07-14T15:19:15","modified_gmt":"2022-07-14T13:19:15","slug":"techniques-et-grades","status":"publish","type":"page","link":"https:\/\/aikido-slam.org\/?page_id=65","title":{"rendered":"TECHNIQUES ET GRADES"},"content":{"rendered":"\n<p>Au travers de sa pratique martiale, l\u2019A\u00efkido a pour objectif d\u2019am\u00e9liorer les relations entre les personnes en favorisant le d\u00e9veloppement harmonieux de chacun. Dans cette perspective, c\u2019est \u00e0 la valorisation mutuelle qu\u2019il convient de s\u2019employer et non \u00e0 l\u2019affirmation de soi au d\u00e9triment de l\u2019autre, et c\u2019est la raison pour laquelle la comp\u00e9tition, qui glorifie le vainqueur, n\u2019a pas sa place dans notre discipline. (&#8220;Guide du d\u00e9butant&#8221;, FFAAA).<\/p>\n\n\n\n<div class=\"wp-block-image\"><figure class=\"alignright is-resized\"><img loading=\"lazy\" src=\"http:\/\/aikido-slam.org\/wp-content\/uploads\/2020\/07\/image-4.png\" alt=\"\" class=\"wp-image-169\" width=\"262\" height=\"385\" srcset=\"https:\/\/aikido-slam.org\/wp-content\/uploads\/2020\/07\/image-4.png 340w, https:\/\/aikido-slam.org\/wp-content\/uploads\/2020\/07\/image-4-204x300.png 204w\" sizes=\"(max-width: 262px) 100vw, 262px\" \/><figcaption>NB: L&#8217;apprentissage des chutes est progressif, les images ci-dessus illustrent parfois un type de pratique avanc\u00e9.<\/figcaption><\/figure><\/div>\n\n\n\n<p>Vous trouverez ci-contre quelques exemples de techniques  (&#8220;Guide du d\u00e9butant&#8221;, FFAAA):<\/p>\n\n\n\n<div class=\"wp-block-image\"><figure class=\"alignleft is-resized\"><img loading=\"lazy\" src=\"http:\/\/aikido-slam.org\/wp-content\/uploads\/2020\/07\/image-3.png\" alt=\"\" class=\"wp-image-168\" width=\"268\" height=\"336\" srcset=\"https:\/\/aikido-slam.org\/wp-content\/uploads\/2020\/07\/image-3.png 379w, https:\/\/aikido-slam.org\/wp-content\/uploads\/2020\/07\/image-3-239x300.png 239w\" sizes=\"(max-width: 268px) 100vw, 268px\" \/><\/figure><\/div>\n\n\n\n<p><\/p>\n\n\n\n<p> <\/p>\n\n\n\n<p><\/p>\n\n\n\n<p><\/p>\n\n\n\n<p>  L\u2019\u00e9volution de la pratique est sanctionn\u00e9e par l&#8217;attribution progressive de grades.<br>  Les grades Kyu (du 6\u00e8me au 1er) sont attribu\u00e9s par le professeur.  Chaque  grade correspond \u00e0 une ceinture de couleur (port\u00e9e ou non en  fonction  du club).<br>A partir du 2\u00e8me kyu  (en fonction du club), les pratiquants portent un Hakama,  tenue traditionnelle port\u00e9e dans tous les BUDO classiques. <\/p>\n\n\n\n<p>Les grades Dan sont d\u00e9livr\u00e9s via des examens d\u2019\u00e9tat sous le contr\u00f4le   d\u2019un Jury. Au Japon et dans d\u2019autres pays, c\u2019est le ma\u00eetre de l\u2019\u00e9cole  qui juge les \u00e9l\u00e8ves et attribue les Dan.  Lorsque l\u2019on atteint le premier Dan, on porte une ceinture noire sous le Hakama.<\/p>\n\n\n\n<p><\/p>\n\n\n\n<figure class=\"wp-block-image\"><a href=\"http:\/\/www.aikido-stcolomban-paysdelaloire.org\/wp-content\/uploads\/2017\/08\/Grade.png\"><img src=\"http:\/\/www.aikido-stcolomban-paysdelaloire.org\/wp-content\/uploads\/2017\/08\/Grade.png\" alt=\"Grade\" class=\"wp-image-270\"\/><\/a><\/figure>\n\n\n\n<p>Vous trouverez ci-dessous une id\u00e9e de la liste des techniques que les pratiquants doivent conna\u00eetre pour chaque grade (source: &#8220;Guide du d\u00e9butant&#8221;, FFAAA).<\/p>\n\n\n\n<figure class=\"wp-block-image\"><img loading=\"lazy\" width=\"491\" height=\"404\" src=\"http:\/\/aikido-slam.org\/wp-content\/uploads\/2020\/07\/image.png\" alt=\"\" class=\"wp-image-164\" srcset=\"https:\/\/aikido-slam.org\/wp-content\/uploads\/2020\/07\/image.png 491w, https:\/\/aikido-slam.org\/wp-content\/uploads\/2020\/07\/image-300x247.png 300w\" sizes=\"(max-width: 491px) 100vw, 491px\" \/><\/figure>\n\n\n\n<figure class=\"wp-block-image\"><img loading=\"lazy\" width=\"495\" height=\"295\" src=\"http:\/\/aikido-slam.org\/wp-content\/uploads\/2020\/07\/image-1.png\" alt=\"\" class=\"wp-image-165\" srcset=\"https:\/\/aikido-slam.org\/wp-content\/uploads\/2020\/07\/image-1.png 495w, https:\/\/aikido-slam.org\/wp-content\/uploads\/2020\/07\/image-1-300x179.png 300w\" sizes=\"(max-width: 495px) 100vw, 495px\" \/><\/figure>\n\n\n\n<figure class=\"wp-block-image\"><img loading=\"lazy\" width=\"515\" height=\"422\" src=\"http:\/\/aikido-slam.org\/wp-content\/uploads\/2020\/07\/image-2.png\" alt=\"\" class=\"wp-image-166\" srcset=\"https:\/\/aikido-slam.org\/wp-content\/uploads\/2020\/07\/image-2.png 515w, https:\/\/aikido-slam.org\/wp-content\/uploads\/2020\/07\/image-2-300x246.png 300w\" sizes=\"(max-width: 515px) 100vw, 515px\" \/><\/figure>\n","protected":false},"excerpt":{"rendered":"<p>Au travers de sa pratique martiale, l\u2019A\u00efkido a pour objectif d\u2019am\u00e9liorer les relations entre les personnes en favorisant le d\u00e9veloppement&hellip;<\/p>\n","protected":false},"author":1,"featured_media":0,"parent":0,"menu_order":0,"comment_status":"closed","ping_status":"closed","template":"","meta":[],"_links":{"self":[{"href":"https:\/\/aikido-slam.org\/index.php?rest_route=\/wp\/v2\/pages\/65"}],"collection":[{"href":"https:\/\/aikido-slam.org\/index.php?rest_route=\/wp\/v2\/pages"}],"about":[{"href":"https:\/\/aikido-slam.org\/index.php?rest_route=\/wp\/v2\/types\/page"}],"author":[{"embeddable":true,"href":"https:\/\/aikido-slam.org\/index.php?rest_route=\/wp\/v2\/users\/1"}],"replies":[{"embeddable":true,"href":"https:\/\/aikido-slam.org\/index.php?rest_route=%2Fwp%2Fv2%2Fcomments&post=65"}],"version-history":[{"count":6,"href":"https:\/\/aikido-slam.org\/index.php?rest_route=\/wp\/v2\/pages\/65\/revisions"}],"predecessor-version":[{"id":382,"href":"https:\/\/aikido-slam.org\/index.php?rest_route=\/wp\/v2\/pages\/65\/revisions\/382"}],"wp:attachment":[{"href":"https:\/\/aikido-slam.org\/index.php?rest_route=%2Fwp%2Fv2%2Fmedia&parent=65"}],"curies":[{"name":"wp","href":"https:\/\/api.w.org\/{rel}","templated":true}]}}