{"id":75,"date":"2019-10-06T14:04:00","date_gmt":"2019-10-06T12:04:00","guid":{"rendered":"http:\/\/aikido-slam.org\/?page_id=75"},"modified":"2024-09-02T21:59:43","modified_gmt":"2024-09-02T19:59:43","slug":"le-club","status":"publish","type":"page","link":"https:\/\/aikido-slam.org\/?page_id=75","title":{"rendered":"LE CLUB D&#8217;AIKIDO"},"content":{"rendered":"\n<p class=\"has-white-color has-text-color\">.<\/p>\n\n\n\n<p class=\"has-text-color\" style=\"color:#ce9d6e\"><strong>Enseignants :<\/strong><\/p>\n\n\n\n<p>Yann LE GALLIC 5\u00e8me DAN AIKIDO<\/p>\n\n\n\n<p>Francois MENZIKIAN 4\u00e8me DAN AIKIDO<\/p>\n\n\n\n<p>Laurence CHEDORGE 3\u00e8me DAN AIKIDO<\/p>\n\n\n\n<p class=\"has-white-color has-text-color\">.<\/p>\n\n\n\n<p class=\"has-text-color\" style=\"color:#ce9d6e\"><strong>Adresse Dojo du Bignon: <\/strong><\/p>\n\n\n\n<p>Complexe sportif, rue du stade, 44140 Le Bignon<\/p>\n\n\n\n<p class=\"has-white-color has-text-color\">.<\/p>\n\n\n\n<p class=\"has-white-color has-text-color\">.<\/p>\n\n\n\n<p class=\"has-text-color\" style=\"color:#ce9d6e\"><strong>Horaires :<\/strong><\/p>\n\n\n\n<p>Mercredi 19h \u2013 21h (Dojo du Bignon) \u2013 anim\u00e9 par Yann et Fran\u00e7ois<\/p>\n\n\n\n<p>Samedi 9h30 \u2013 11h30 (Dojo du Bignon) \u2013 anim\u00e9 par Yann et Fran\u00e7ois<\/p>\n\n\n\n<p><\/p>\n","protected":false},"excerpt":{"rendered":"<p>. Enseignants : Yann LE GALLIC 5\u00e8me DAN AIKIDO Francois MENZIKIAN 4\u00e8me DAN AIKIDO Laurence CHEDORGE 3\u00e8me DAN AIKIDO .&hellip;<\/p>\n","protected":false},"author":1,"featured_media":0,"parent":0,"menu_order":0,"comment_status":"closed","ping_status":"closed","template":"","meta":[],"_links":{"self":[{"href":"https:\/\/aikido-slam.org\/index.php?rest_route=\/wp\/v2\/pages\/75"}],"collection":[{"href":"https:\/\/aikido-slam.org\/index.php?rest_route=\/wp\/v2\/pages"}],"about":[{"href":"https:\/\/aikido-slam.org\/index.php?rest_route=\/wp\/v2\/types\/page"}],"author":[{"embeddable":true,"href":"https:\/\/aikido-slam.org\/index.php?rest_route=\/wp\/v2\/users\/1"}],"replies":[{"embeddable":true,"href":"https:\/\/aikido-slam.org\/index.php?rest_route=%2Fwp%2Fv2%2Fcomments&post=75"}],"version-history":[{"count":12,"href":"https:\/\/aikido-slam.org\/index.php?rest_route=\/wp\/v2\/pages\/75\/revisions"}],"predecessor-version":[{"id":465,"href":"https:\/\/aikido-slam.org\/index.php?rest_route=\/wp\/v2\/pages\/75\/revisions\/465"}],"wp:attachment":[{"href":"https:\/\/aikido-slam.org\/index.php?rest_route=%2Fwp%2Fv2%2Fmedia&parent=75"}],"curies":[{"name":"wp","href":"https:\/\/api.w.org\/{rel}","templated":true}]}}